{"id":6,"date":"2023-07-24T19:06:23","date_gmt":"2023-07-24T19:06:23","guid":{"rendered":"https:\/\/escuadronsos.org\/?page_id=6"},"modified":"2025-09-06T15:26:13","modified_gmt":"2025-09-06T15:26:13","slug":"mesmerize","status":"publish","type":"page","link":"https:\/\/escuadronsos.org\/","title":{"rendered":"Front Page"},"content":{"rendered":"<div id=\"features-10\" class=\"features-16-card-bordered content-section content-section-spacing\" style=\"background-color: #ffffff;\" data-label=\"Features\" data-id=\"features-16-card-bordered\" data-export-id=\"features-16-card-bordered\" data-category=\"features\">\n<div class=\"gridContainer\">\n<div class=\"row text-center\">\n<div class=\"section-title-col\" data-type=\"column\">\n<h2 class=\"\">47 A\u00f1os de historia<\/h2>\n<p class=\"lead\">Escuadr\u00f3n SOS A.C. nace hace 47 a\u00f1os el 16 de diciembre de 1977, desde entonces seguimos con la visi\u00f3n de hacer un cambio en nuestra sociedad, formando grandes seres humanos con el deseo de servir a nuestra sociedad, ayudando a las personas proporcionando servicios profesionales de atenci\u00f3n prehospitalaria, respondiendo ante emergencias y desastres, brindando lo mejor de cada uno de nosotros, formando parte de una gran familia.<\/p>\n\n<\/div>\n<\/div>\n<div class=\"row spaced-cols\" data-type=\"row\">\n<div class=\"col-xs-12 col-sm-6 col-md-4\">\n<div class=\"card no-padding bordered y-move\"><img decoding=\"async\" class=\"face\" title=\"cropped-XVNU2455.jpg\" src=\"https:\/\/escuadronsos.org\/wp-content\/uploads\/2023\/10\/cropped-XVNU2455.jpg\" alt=\"\" \/>\n<div class=\"col-padding-small col-padding-small-xs description-container\" data-type=\"column\">\n<h4 class=\"font-500\">Capacitaci\u00f3n<\/h4>\n<p class=\"\">Cada a\u00f1o abrimos nuestro curso de T\u00e9cnico en Atenci\u00f3n M\u00e9dica Prehispitalaria, en el cual formamos a los aspirantes a pertenecer a nuestra instituci\u00f3n.<\/p>\nTambi\u00e9n somos Centro Evaluador de la Red Conocer.\n\n<\/div>\n<div class=\"col-padding-small col-padding-small-xs read-more-container\" data-type=\"column\"><\/div>\n<\/div>\n<\/div>\n<div class=\"col-xs-12 col-sm-6 col-md-4\">\n<div class=\"card no-padding bordered y-move\"><img decoding=\"async\" class=\"face\" title=\"IMG_4594\" src=\"https:\/\/escuadronsos.org\/wp-content\/uploads\/2023\/10\/IMG_4594.mov\" alt=\"\" \/>\n<div class=\"col-padding-small col-padding-small-xs description-container\" data-type=\"column\">\n<h4 class=\"font-500\">Urgencias<\/h4>\n<p class=\"\">47 a\u00f1os de vida proporcionando un servicio profesional de atenci\u00f3n prehospitalaria voluntaria, en la que los miembros de nuestra instituci\u00f3n entregamos nuestro coraz\u00f3n y conocimiento para ayudar a quien nos necesita y lo seguinmos haciendo de manera altruista.<\/p>\n\n<\/div>\n<div class=\"col-padding-small col-padding-small-xs read-more-container\" data-type=\"column\"><\/div>\n<\/div>\n<\/div>\n<div class=\"col-xs-12 col-sm-6 col-md-4\">\n<div class=\"card no-padding bordered y-move\"><a href=\"#\" data-cp-link=\"1\"><img decoding=\"async\" class=\"face\" title=\"IMG_1629\" src=\"https:\/\/escuadronsos.org\/wp-content\/uploads\/2023\/10\/cropped-IMG_1629-scaled-1.jpeg\" alt=\"\" \/><\/a>\n<div class=\"col-padding-small col-padding-small-xs description-container\" data-type=\"column\">\n<h4 class=\"font-500\">Especialidades<\/h4>\n<p class=\"\">Escuadr\u00f3n SOS cuenta con las especialidades de rescate en monta\u00f1a, y rescate urbano; siempre capacitandonos y pr\u00e1cticando para ayudar en el lugar que se nos necesite.<\/p>\n\n<\/div>\n<div class=\"col-padding-small col-padding-small-xs read-more-container\" data-type=\"column\"><\/div>\n<\/div>\n<\/div>\n<\/div>\n<\/div>\n<\/div>\n<div id=\"cursotum\" class=\"content-2 content-section content-section-spacing\" style=\"background-color: #f5fafd;\" data-label=\"CursoTUM\" data-id=\"content-2\" data-export-id=\"content-2\" data-category=\"content\">\n<div class=\"row middle-xs\">\n<div class=\"col-sm-5 bg-image shadow-large-black\" style=\"background-image: url('https:\/\/escuadronsos.org\/wp-content\/uploads\/2023\/10\/IMG_6359-scaled.jpeg');\" data-bg=\"image\"><\/div>\n<div class=\"col-sm-7 full-col-left-padding full-col-right-padding\">\n<div class=\"row\">\n<div class=\"space-bottom-small content-title-col\" data-type=\"column\">\n<h5 class=\"\">Convocatoria curso TUM<\/h5>\n<h2 class=\"\">Ingreso al curso de TUM<\/h2>\n<p class=\"\">T\u00fa puedes ser parte de esta historia, cada a\u00f1o iniciamos una nueva generaci\u00f3n en nuestra Escuela de T\u00e9cnicos en Urgencias M\u00e9dicas, donde aprenderas con nuestro equipo de capacitaci\u00f3n todo lo necesario para ser un profesional de la atenci\u00f3n prehospitalaria.<\/p>\nNuestro curso tiene una formaci\u00f3n te\u00f3rico \u2013 pr\u00e1ctica, a tr\u00e1v\u00e9s de un sistema de diciplina tipo militar, as\u00ed como acondicionamiento f\u00edsico. Esto con el objetivo de que nuestros alumnos adquieran la capacidad de prepararse para las situaciones estresantes que conlleva la atencion de urgencias prehospitalarias.\n\n<\/div>\n<\/div>\n<div class=\"row spaced-cols \" data-type=\"row\">\n<div class=\"col-xs-6\" data-type=\"column\">\n<h5 class=\"\">Inicio<\/h5>\n<p class=\"\">Noviembre 2025<\/p>\n\n<\/div>\n<div class=\"col-xs-6\" data-type=\"column\">\n<h5 class=\"\">Requisitos<\/h5>\n<p class=\"\">\u2013 Identificaci\u00f3n<\/p>\n\u2013 CURP\n\n\u2013 Certificado m\u00e9dico\n\n\u2013 Comprobante de domicilio\n\n\u2013 Formato de inscripci\u00f3n\n\n\u2013 Pago de inscripci\u00f3n\n\n<\/div>\n<div class=\"col-xs-6\" data-type=\"column\">\n<h5 class=\"\">Inscripciones<\/h5>\n<p class=\"\">Puedes inscribirte directamente en nuestras instalaciones, en:<\/p>\nAgust\u00edn Guti\u00e9rrez 33 bis,\n\nCol. General Anaya\u00a0 03340\nBenito Ju\u00e1rez CDMX\n\n<\/div>\n<div class=\"col-xs-6\" data-type=\"column\">\n<h5 class=\"\">Informaci\u00f3n<\/h5>\n<ul>\n \t<li>Inicio Noviembre \u00a08 de 2025<\/li>\n \t<li>Curso sabatino<\/li>\n \t<li>De 8:00 a 15:00 horas<\/li>\n \t<li>Con dos campamentos<\/li>\n \t<li>Primer a\u00f1o: Academia.<\/li>\n \t<li>Segundo a\u00f1o: Pr\u00e1cticas<\/li>\n<\/ul>\nAportaci\u00f3n:\n<ul>\n \t<li>Inscripci\u00f3n: \u00a0 \u00a0 \u00a0 \u00a0 \u00a0 \u00a0 2,500<\/li>\n \t<li>11 Mensualidades: 1,500<\/li>\n<\/ul>\n<\/div>\n<\/div>\n<\/div>\n<\/div>\n<\/div>\n<div id=\"cursotrv1\" class=\"about-10 content-section content-section-spacing\" style=\"background-color: #f5fafd;\" data-label=\"Cursotrv1\" data-id=\"about--1\" data-export-id=\"about-10\" data-category=\"about\">\n<div class=\"gridContainer\">\n<div class=\"row middle-sm text-center\">\n<div class=\"col-sm-5 space-bottom-xs content-column\" data-type=\"column\">\n<h5 class=\"\">CURSO PRIMER RESPONDIENTE Y &#8220;TRV1&#8221; T\u00c9CNICO EN RESCATE VERTICAL I<\/h5>\n<h2 class=\"\">Impartido por ESCUADRON SOS y FORVERmx<\/h2>\n<div>\u00a0\u2022 Fechas del curso: Del 19 al 22 de junio de 2025.<\/div>\n<div>\u00a0\u2022 Ubicaci\u00f3n: Central SOS CDMX y Centro Scout Meztitla Tepoztlan, Morelos.<\/div>\n<a class=\"button color1\" href=\"mailto:direcciongeneral@escuadronsos.org\" target=\"_blank\" rel=\"noopener\" data-cp-link=\"1\">INSCRIBETE AHORA<\/a>\n\n<\/div>\n<div class=\"col-sm-7 flexbox middle-xs center-xs space-bottom-xs\">\n<div class=\"overlay-box middle-xs center-xs flexbox\">\n<div class=\"overlay-box-offset offset-border shadow-medium border-color1 hide-xs\"><\/div>\n<img decoding=\"async\" class=\"shadow-large\" title=\"Rescate Vertical\" src=\"https:\/\/escuadronsos.org\/wp-content\/uploads\/2025\/04\/Rescate-Vertical.png\" alt=\"\" data-size=\"485x705\" \/>\n\n<\/div>\n<\/div>\n<\/div>\n<\/div>\n<\/div>\n<div id=\"counters-2\" class=\"counters-2 content-section content-section-spacing\" style=\"background-color: #f5fafd;\" data-label=\"Counters\" data-id=\"counters-2\" data-export-id=\"counters-2\" data-category=\"counters\">\n<div class=\"gridContainer\">\n<div class=\"row text-center\">\n<div class=\"section-title-col\" data-type=\"column\">\n<h2 class=\"\">Datos<\/h2>\n<p class=\"lead\">Cada acci\u00f3n cuenta, por eso d\u00eda a d\u00eda nos seguimos preparando para brindar atenci\u00f3n profesional a quien la requiera con \u00e9tica y calidez humana.<\/p>\n\n<\/div>\n<\/div>\n<div class=\"row\" data-type=\"row\">\n<div class=\"col-xs-12 col-sm-4 text-center space-bottom\"><i class=\"fa fa-envira icon color1\"><\/i>\n<h3 class=\"font-400\" style=\"display: inline-block;\" data-min=\"0\" data-max=\"47\" data-duration=\"2000\" data-prefix=\"\" data-suffix=\"+\" data-countup=\"true\"><\/h3>\n<h5 class=\"upper color2\">A\u00f1os y vamos por m\u00e1s<\/h5>\n<\/div>\n<div class=\"col-xs-12 col-sm-4 text-center space-bottom\"><i class=\"fa fa-smile-o icon color1\"><\/i>\n<h3 class=\"font-400\" style=\"display: inline-block;\" data-min=\"10000\" data-max=\"15000\" data-duration=\"2000\" data-prefix=\"\" data-suffix=\"+\" data-countup=\"true\"><\/h3>\n<h5 class=\"upper color2\">servicios<\/h5>\n<\/div>\n<\/div>\n<\/div>\n<\/div>\n<div id=\"cta-1\" class=\"cta-blue-section content-section content-section-spacing-medium bg-color1 white-text\" data-label=\"Cta\" data-id=\"cta-blue-section\" data-export-id=\"cta-blue-section\" data-category=\"cta\">\n<div class=\"gridContainer\">\n<div class=\"row middle-xs\">\n<div class=\"col-sm-8 space-bottom-xs\" data-type=\"column\">\n<h2 class=\"\">T\u00fa puedes unirte a nosotros<\/h2>\n<\/div>\n<div class=\"col-sm-4 end-sm\" data-type=\"column\"><a class=\"button color2\" href=\"#contact-1\" target=\"_self\" rel=\"noopener\" data-cp-link=\"1\">Cont\u00e1ctanos<\/a><\/div>\n<\/div>\n<\/div>\n<\/div>\n<div id=\"team-2\" class=\"team-2 content-section content-section-spacing\" style=\"background-color: #ffffff;\" data-label=\"Team\" data-id=\"team-2\" data-export-id=\"team-2\" data-category=\"team\">\n<div class=\"gridContainer\">\n<div class=\"row text-center\">\n<div class=\"section-title-col\" data-type=\"column\">\n<h2 class=\"\">Con\u00f3cenos<\/h2>\n<p class=\"lead\">Estos somos parte de esta gran familia<\/p>\n\n<\/div>\n<\/div>\n<div class=\"row spaced-cols content-center-sm\" data-type=\"row\">\n<div class=\"col-sm-6 col-md-3\">\n<div class=\"card y-move no-padding bordered\"><img decoding=\"async\" class=\"face\" title=\"cropped-91EACBE2-4166-443C-A30E-87FF54BA6D76.jpg\" src=\"https:\/\/escuadronsos.org\/wp-content\/uploads\/2023\/10\/cropped-91EACBE2-4166-443C-A30E-87FF54BA6D76.jpg\" alt=\"\" \/>\n<div class=\"col-padding-small col-padding-small-xs description-container\" data-type=\"column\">\n<h4 class=\"font-500\">Guillermo<\/h4>\n<p class=\"small\" style=\"font-style: italic;\">Director Genera<\/p>\n\n<div class=\"social-icons-group\" data-type=\"group\"><\/div>\n<\/div>\n<\/div>\n<\/div>\n<div class=\"col-sm-6 col-md-3\">\n<div class=\"card y-move no-padding bordered\"><img decoding=\"async\" class=\"face\" title=\"727533FA-0C19-4020-9A07-866F89BC0B00\" src=\"https:\/\/escuadronsos.org\/wp-content\/uploads\/2023\/10\/cropped-727533FA-0C19-4020-9A07-866F89BC0B00-scaled-e1697434835855-1.jpg\" alt=\"\" \/>\n<div class=\"col-padding-small col-padding-small-xs description-container\" data-type=\"column\">\n<h4 class=\"font-500\">Alfredo<\/h4>\n<p class=\"small\" style=\"font-style: italic;\">Comandante General<\/p>\n\n<div class=\"social-icons-group\" data-type=\"group\"><\/div>\n<\/div>\n<\/div>\n<\/div>\n<div class=\"col-sm-6 col-md-3\">\n<div class=\"card y-move no-padding bordered\"><img decoding=\"async\" class=\"face\" title=\"cropped-3402d54a-2d6c-4aa7-aef4-c44f910ea208.jpg\" src=\"https:\/\/escuadronsos.org\/wp-content\/uploads\/2024\/10\/cropped-3402d54a-2d6c-4aa7-aef4-c44f910ea208.jpg\" alt=\"\" \/>\n<div class=\"col-padding-small col-padding-small-xs description-container\" data-type=\"column\">\n<h4 class=\"font-500\">Ricardo<\/h4>\n<p class=\"small\" style=\"font-style: italic;\">Oficial de Capacitaci\u00f3n<\/p>\n\n<div class=\"social-icons-group\" data-type=\"group\"><\/div>\n<\/div>\n<\/div>\n<\/div>\n<div class=\"col-sm-6 col-md-3\">\n<div class=\"card y-move no-padding bordered\"><img decoding=\"async\" class=\"face\" title=\"IMG_1618\" src=\"https:\/\/escuadronsos.org\/wp-content\/uploads\/2023\/10\/cropped-cropped-IMG_1618-scaled-1-1.jpeg\" alt=\"\" \/>\n<div class=\"col-padding-small col-padding-small-xs description-container\" data-type=\"column\">\n<h4 class=\"font-500\">Salvador<\/h4>\n<p class=\"small\" style=\"font-style: italic;\">Jefe de Rescate en Monta\u00f1a<\/p>\n\n<div class=\"social-icons-group\" data-type=\"group\"><\/div>\n<\/div>\n<\/div>\n<\/div>\n<\/div>\n<\/div>\n<\/div>\n<div id=\"contact-1\" class=\"contact-1 content-section content-section-spacing white-text\" style=\"background-image: url('https:\/\/escuadronsos.org\/wp-content\/uploads\/2023\/10\/IMG_1632-scaled.jpeg'); background-size: cover; background-position: center top;\" data-label=\"Contact\" data-id=\"contact-1\" data-export-id=\"contact-1\" data-category=\"contact\" data-parallax-depth=\"20\">\n<div class=\"gridContainer\">\n<div class=\"row text-center\">\n<div class=\"section-title-col\" data-type=\"column\">\n<h2 class=\"\">Contactanos<\/h2>\n<p class=\"lead\">Si quieres ponerte en contacto con nosotros pudes hacerlo en nuestras instalaciones o por correo electr\u00f3nico.<\/p>\n\n<\/div>\n<\/div>\n<div class=\"row text-center\">\n<div class=\"col-xs-12 col-sm-8 col-sm-offset-2 contact-form-wrapper inline-info\">\n<div class=\"card large-padding\">\n<div class=\"\" data-content-shortcode=\"mesmerize_contact_form shortcode=&quot;wpforms id=&amp;amp;quot;33&amp;amp;quot;&quot;\" data-editable=\"true\"><style id=\"wpforms-css-vars-33\">\n\t\t\t\t#wpforms-33 {\n\t\t\t\t\n\t\t\t}\n\t\t\t<\/style><div class=\"wpforms-container wpforms-container-full wpforms-render-modern\" id=\"wpforms-33\"><form id=\"wpforms-form-33\" class=\"wpforms-validate wpforms-form wpforms-ajax-form\" data-formid=\"33\" method=\"post\" enctype=\"multipart\/form-data\" action=\"\/index.php?rest_route=%2Fwp%2Fv2%2Fpages%2F6\" data-token=\"362c2ac0600b4d6eda1a56570b7dbf3a\" data-token-time=\"1778155073\"><noscript class=\"wpforms-error-noscript\">Please enable JavaScript in your browser to complete this form.<\/noscript><div id=\"wpforms-error-noscript\" style=\"display: none;\">Please enable JavaScript in your browser to complete this form.<\/div><div class=\"wpforms-field-container\"><div id=\"wpforms-33-field_2-container\" class=\"wpforms-field wpforms-field-name\" data-field-id=\"2\"><fieldset><legend class=\"wpforms-field-label\">Nombre <span class=\"wpforms-required-label\" aria-hidden=\"true\">*<\/span><\/legend><div class=\"wpforms-field-row wpforms-field-medium\"><div class=\"wpforms-field-row-block wpforms-first wpforms-one-half\"><input type=\"text\" id=\"wpforms-33-field_2\" class=\"wpforms-field-name-first wpforms-field-required\" name=\"wpforms[fields][2][first]\" aria-errormessage=\"wpforms-33-field_2-error\" required><label for=\"wpforms-33-field_2\" class=\"wpforms-field-sublabel after\">First<\/label><\/div><div class=\"wpforms-field-row-block wpforms-one-half\"><input type=\"text\" id=\"wpforms-33-field_2-last\" class=\"wpforms-field-name-last wpforms-field-required\" name=\"wpforms[fields][2][last]\" aria-errormessage=\"wpforms-33-field_2-last-error\" required><label for=\"wpforms-33-field_2-last\" class=\"wpforms-field-sublabel after\">Last<\/label><\/div><\/div><\/fieldset><\/div><div id=\"wpforms-33-field_4-container\" class=\"wpforms-field wpforms-field-number\" data-field-id=\"4\"><label class=\"wpforms-field-label\" for=\"wpforms-33-field_4\">Generaci\u00f3n <span class=\"wpforms-required-label\" aria-hidden=\"true\">*<\/span><\/label><input type=\"number\" id=\"wpforms-33-field_4\" class=\"wpforms-field-small wpforms-field-required\" name=\"wpforms[fields][4]\" step=\"any\" aria-errormessage=\"wpforms-33-field_4-error\" required><\/div><div id=\"wpforms-33-field_3-container\" class=\"wpforms-field wpforms-field-email\" data-field-id=\"3\"><label class=\"wpforms-field-label\" for=\"wpforms-33-field_3\">Correo electr\u00f3nico <span class=\"wpforms-required-label\" aria-hidden=\"true\">*<\/span><\/label><input type=\"email\" id=\"wpforms-33-field_3\" class=\"wpforms-field-medium wpforms-field-required\" name=\"wpforms[fields][3]\" spellcheck=\"false\" aria-errormessage=\"wpforms-33-field_3-error\" required><\/div><div id=\"wpforms-33-field_6-container\" class=\"wpforms-field wpforms-field-textarea\" data-field-id=\"6\"><label class=\"wpforms-field-label\" for=\"wpforms-33-field_6\">P\u00e1rrafo de texto<\/label><textarea id=\"wpforms-33-field_6\" class=\"wpforms-field-medium\" name=\"wpforms[fields][6]\" aria-errormessage=\"wpforms-33-field_6-error\" ><\/textarea><\/div><\/div><!-- .wpforms-field-container --><div class=\"wpforms-submit-container\" ><input type=\"hidden\" name=\"wpforms[id]\" value=\"33\"><input type=\"hidden\" name=\"page_title\" value=\"\"><input type=\"hidden\" name=\"page_url\" value=\"https:\/\/escuadronsos.org\/index.php?rest_route=\/wp\/v2\/pages\/6\"><input type=\"hidden\" name=\"url_referer\" value=\"\"><button type=\"submit\" name=\"wpforms[submit]\" id=\"wpforms-submit-33\" class=\"wpforms-submit\" data-alt-text=\"Enviando...\" data-submit-text=\"Enviar\" aria-live=\"assertive\" value=\"wpforms-submit\">Enviar<\/button><img loading=\"lazy\" decoding=\"async\" src=\"https:\/\/escuadronsos.org\/wp-content\/plugins\/wpforms-lite\/assets\/images\/submit-spin.svg\" class=\"wpforms-submit-spinner\" style=\"display: none;\" width=\"26\" height=\"26\" alt=\"Loading\"><\/div><\/form><\/div>  <!-- .wpforms-container --><\/div>\n<\/div>\n<\/div>\n<\/div>\n<\/div>\n<\/div>","protected":false},"excerpt":{"rendered":"<p>47 A\u00f1os de historia Escuadr\u00f3n SOS A.C. nace hace 47 a\u00f1os el 16 de diciembre de 1977, desde entonces seguimos con la visi\u00f3n de hacer un cambio en nuestra sociedad, formando grandes seres humanos con el deseo de servir a nuestra sociedad, ayudando a las personas proporcionando servicios profesionales de atenci\u00f3n prehospitalaria, respondiendo ante emergencias&hellip; <br \/> <a class=\"read-more\" href=\"https:\/\/escuadronsos.org\/\">Read more<\/a><\/p>\n","protected":false},"author":1,"featured_media":0,"parent":0,"menu_order":0,"comment_status":"closed","ping_status":"closed","template":"page-templates\/homepage.php","meta":{"footnotes":""},"class_list":["post-6","page","type-page","status-publish","hentry"],"_links":{"self":[{"href":"https:\/\/escuadronsos.org\/index.php?rest_route=\/wp\/v2\/pages\/6","targetHints":{"allow":["GET"]}}],"collection":[{"href":"https:\/\/escuadronsos.org\/index.php?rest_route=\/wp\/v2\/pages"}],"about":[{"href":"https:\/\/escuadronsos.org\/index.php?rest_route=\/wp\/v2\/types\/page"}],"author":[{"embeddable":true,"href":"https:\/\/escuadronsos.org\/index.php?rest_route=\/wp\/v2\/users\/1"}],"replies":[{"embeddable":true,"href":"https:\/\/escuadronsos.org\/index.php?rest_route=%2Fwp%2Fv2%2Fcomments&post=6"}],"version-history":[{"count":27,"href":"https:\/\/escuadronsos.org\/index.php?rest_route=\/wp\/v2\/pages\/6\/revisions"}],"predecessor-version":[{"id":102,"href":"https:\/\/escuadronsos.org\/index.php?rest_route=\/wp\/v2\/pages\/6\/revisions\/102"}],"wp:attachment":[{"href":"https:\/\/escuadronsos.org\/index.php?rest_route=%2Fwp%2Fv2%2Fmedia&parent=6"}],"curies":[{"name":"wp","href":"https:\/\/api.w.org\/{rel}","templated":true}]}}